{"id":20,"date":"2022-10-31T14:15:35","date_gmt":"2022-10-31T14:15:35","guid":{"rendered":"https:\/\/zelte-schroeer.de\/?page_id=20"},"modified":"2023-12-21T07:44:45","modified_gmt":"2023-12-21T07:44:45","slug":"impressum","status":"publish","type":"page","link":"https:\/\/zelte-schroeer.de\/?page_id=20","title":{"rendered":"Impressum"},"content":{"rendered":"<h2>Angaben gem\u00e4\u00df \u00a7 5 TMG<\/h2>\n<p>Zeltverleih Schr\u00f6er GmbH &amp; Co. KG<br \/>\n\u00d6lbergstra\u00dfe 1<br \/>\n49536 Lienen<\/p>\n<p><strong>Vertreten durch:<\/strong><br \/>\nHendrik Schr\u00f6er<\/p>\n<h2>Kontakt<\/h2>\n<p>Telefon: 05484 9994590<br \/>\nE-Mail: info@zelte-schroeer.de<\/p>\n<h2>Verbraucher\u00adstreit\u00adbeilegung\/Universal\u00adschlichtungs\u00adstelle<\/h2>\n<p>Wir sind nicht bereit oder verpflichtet, an Streitbeilegungsverfahren vor einer Verbraucherschlichtungsstelle teilzunehmen.<\/p>\n<p>Quelle: <a href=\"https:\/\/www.e-recht24.de\">e-recht24.de<\/a><\/p>\n","protected":false},"excerpt":{"rendered":"<p>Angaben gem\u00e4\u00df \u00a7 5 TMG Zeltverleih Schr\u00f6er GmbH &amp; Co. KG \u00d6lbergstra\u00dfe 1 49536 Lienen Vertreten durch: Hendrik Schr\u00f6er Kontakt Telefon: 05484 9994590 E-Mail: info@zelte-schroeer.de Verbraucher\u00adstreit\u00adbeilegung\/Universal\u00adschlichtungs\u00adstelle Wir sind nicht bereit &#8230;<\/p>\n","protected":false},"author":1,"featured_media":0,"parent":0,"menu_order":0,"comment_status":"closed","ping_status":"closed","template":"template-fullwidth.php","meta":{"footnotes":""},"class_list":["post-20","page","type-page","status-publish","hentry"],"_links":{"self":[{"href":"https:\/\/zelte-schroeer.de\/index.php?rest_route=\/wp\/v2\/pages\/20","targetHints":{"allow":["GET"]}}],"collection":[{"href":"https:\/\/zelte-schroeer.de\/index.php?rest_route=\/wp\/v2\/pages"}],"about":[{"href":"https:\/\/zelte-schroeer.de\/index.php?rest_route=\/wp\/v2\/types\/page"}],"author":[{"embeddable":true,"href":"https:\/\/zelte-schroeer.de\/index.php?rest_route=\/wp\/v2\/users\/1"}],"replies":[{"embeddable":true,"href":"https:\/\/zelte-schroeer.de\/index.php?rest_route=%2Fwp%2Fv2%2Fcomments&post=20"}],"version-history":[{"count":3,"href":"https:\/\/zelte-schroeer.de\/index.php?rest_route=\/wp\/v2\/pages\/20\/revisions"}],"predecessor-version":[{"id":28,"href":"https:\/\/zelte-schroeer.de\/index.php?rest_route=\/wp\/v2\/pages\/20\/revisions\/28"}],"wp:attachment":[{"href":"https:\/\/zelte-schroeer.de\/index.php?rest_route=%2Fwp%2Fv2%2Fmedia&parent=20"}],"curies":[{"name":"wp","href":"https:\/\/api.w.org\/{rel}","templated":true}]}}